{"id":970,"date":"2013-07-23T05:27:40","date_gmt":"2013-07-23T05:27:40","guid":{"rendered":"https:\/\/www.galde.eu\/?page_id=970"},"modified":"2013-07-23T07:54:13","modified_gmt":"2013-07-23T07:54:13","slug":"manuela-carmena","status":"publish","type":"page","link":"https:\/\/www.galde.eu\/eu\/manuela-carmena\/","title":{"rendered":"Manuela Carmena"},"content":{"rendered":"<p><a href=\"https:\/\/www.galde.eu\/wp-content\/uploads\/2013\/04\/Manuela_Carmena.jpg\"><img class=\"colorbox-970\"  loading=\"lazy\" decoding=\"async\" alt=\"Manuela Carmena\" src=\"https:\/\/www.galde.eu\/wp-content\/uploads\/2013\/04\/Manuela_Carmena-150x150.jpg\" width=\"150\" height=\"150\" \/><\/a> Manuela Carmena Castrillo. Magistrada. Ejerci\u00f3 de abogada laboralista. Ha sido,\u00a0vocal del Consejo General del Poder Judicial delegada para el Pa\u00eds Vasco, jueza decana de Madrid y jueza de Vigilancia Penitenciaria. Ha representado a Espa\u00f1a en el Grupo de Trabajo contra las Detenciones Arbitrarias\u00a0de la ONU. En 2008 fue distinguida con el premio Manuel de Irujo. Aunque ahora est\u00e9 jubilada, no est\u00e1 en absoluto inactiva, ha desarrollado una importante labor\u00a0en relaci\u00f3n con las v\u00edctimas de abusos policiales, en la Comisi\u00f3n dependiente de la Direcci\u00f3n de Derechos Humanos del Departamento de Justicia del Gobierno vasco del lehendakari Lopez.<\/p>\n<p>Ver en Galde 01:<a href=\"https:\/\/www.galde.eu\/manuela-carmena-entrevista\/\"> Entrevista a Manuela Carmena<\/a>\u00a0por <a title=\"Antonio Dupl\u00e1\" href=\"https:\/\/www.galde.eu\/autores\/antonio-dupla\/\">Antonio Dupl\u00e1<\/a><br \/>\nSu blog <a href=\"http:\/\/reinventemoslajusticia.blogspot.com\/\" target=\"_blank\" rel=\"contributor-to nofollow\">&#8230;::: Reinventemos la Justicia :::&#8230;<\/a><br \/>\nUn enlace sugerido: <a href=\"http:\/\/www.justizia.net\/inicio\" target=\"_blank\">Administraci\u00f3n de Justicia en Euskadi<\/a><\/p>\n<p>\u00a0<\/p>","protected":false},"excerpt":{"rendered":"<p>Manuela Carmena Castrillo. Magistrada. Ejerci\u00f3 de abogada laboralista. Ha sido,\u00a0vocal del Consejo General del Poder Judicial delegada para el Pa\u00eds Vasco, jueza decana de Madrid y jueza de Vigilancia Penitenciaria. Ha representado a Espa\u00f1a en el Grupo de Trabajo contra las Detenciones Arbitrarias\u00a0de la ONU. En 2008 fue distinguida con el premio Manuel de Irujo. [&hellip;]<\/p>\n","protected":false},"author":2,"featured_media":0,"parent":0,"menu_order":0,"comment_status":"closed","ping_status":"open","template":"","meta":{"footnotes":""},"class_list":["post-970","page","type-page","status-publish","hentry"],"_links":{"self":[{"href":"https:\/\/www.galde.eu\/eu\/wp-json\/wp\/v2\/pages\/970","targetHints":{"allow":["GET"]}}],"collection":[{"href":"https:\/\/www.galde.eu\/eu\/wp-json\/wp\/v2\/pages"}],"about":[{"href":"https:\/\/www.galde.eu\/eu\/wp-json\/wp\/v2\/types\/page"}],"author":[{"embeddable":true,"href":"https:\/\/www.galde.eu\/eu\/wp-json\/wp\/v2\/users\/2"}],"replies":[{"embeddable":true,"href":"https:\/\/www.galde.eu\/eu\/wp-json\/wp\/v2\/comments?post=970"}],"version-history":[{"count":0,"href":"https:\/\/www.galde.eu\/eu\/wp-json\/wp\/v2\/pages\/970\/revisions"}],"wp:attachment":[{"href":"https:\/\/www.galde.eu\/eu\/wp-json\/wp\/v2\/media?parent=970"}],"curies":[{"name":"wp","href":"https:\/\/api.w.org\/{rel}","templated":true}]}}