{"id":892,"date":"2013-07-17T19:44:19","date_gmt":"2013-07-17T19:44:19","guid":{"rendered":"https:\/\/www.galde.eu\/?page_id=892"},"modified":"2013-07-18T08:50:27","modified_gmt":"2013-07-18T08:50:27","slug":"carlos-beristain","status":"publish","type":"page","link":"https:\/\/www.galde.eu\/eu\/carlos-beristain\/","title":{"rendered":"Carlos Beristain"},"content":{"rendered":"<p>&nbsp;<\/p>\n<p><a href=\"https:\/\/www.galde.eu\/wp-content\/uploads\/2013\/07\/carlosberistain.jpg\"><img class=\"colorbox-892\"  loading=\"lazy\" decoding=\"async\" alt=\"Carlos Mart\u00edn Beristain\" src=\"https:\/\/www.galde.eu\/wp-content\/uploads\/2013\/07\/carlosberistain-150x150.jpg\" width=\"150\" height=\"150\" \/><\/a><\/p>\n<p>Carlos Mart\u00edn Beristain es m\u00e9dico y doctor en Psicolog\u00eda Social. Desde hace m\u00e1s de dos d\u00e9cadas trabaja con v\u00edctimas de la violencia y organizaciones de Derechos Humanos (DDHH). Fue coordinador del informe<a href=\"http:\/\/www.derechoshumanos.net\/lesahumanidad\/informes\/guatemala\/informeREMHI.htm\" target=\"_blank\"> REMHI en Guatemala <\/a>y ha trabajado como asesor de Comisiones de la Verdad en Per\u00fa, Paraguay y Ecuador. Es colaborador de la Corte Interamericana de Derechos Humanos y de la Corte Penal Internacional. En Euskadi ha participado recientemente en la <a href=\"http:\/\/es.scribd.com\/doc\/97330772\/Experiencia-Glencree\">experiencia<\/a>\u00a0<a href=\"http:\/\/es.scribd.com\/doc\/97330772\/Experiencia-Glencree\">Glencree<\/a>. No hay demasiadas personas en nuestro entorno tan cualificadas como \u00e9l para hablar sobre v\u00edctimas, derechos humanos o los procesos de reconstrucci\u00f3n social.<\/p>\n<p><a title=\"Carlos Beristain. Entrevista\" href=\"https:\/\/www.galde.eu\/carlos-beristain-entrevista\/\">Ver en Galde 02:\u00a0<b>Conversando sobre los Derechos Humanos. <\/b><\/a><b><a title=\"Carlos Beristain. Entrevista\" href=\"https:\/\/www.galde.eu\/carlos-beristain-entrevista\/\">Entrevista a Carlos Beristain<\/a>.\u00a0(<\/b><a title=\"Antonio Dupl\u00e1\" href=\"https:\/\/www.galde.eu\/autores\/antonio-dupla\/\" target=\"_blank\">Antonio Dupl\u00e1<\/a>) udaberria 2013<\/p>\n<p><a href=\"http:\/\/www.blogseitb.com\/rogeblasco\/2013\/01\/15\/carlos-martin-beristain-historias-de-un-defensor-de-los-derechos-humanos-en-america-latina\/\" target=\"_blank\">Carlos Mart\u00edn Beristain, historias de un defensor de los derechos humanos en Am\u00e9rica Latina. Roge Blasco<\/a>\u00a014 enero 2013.<\/p>","protected":false},"excerpt":{"rendered":"<p>&nbsp; Carlos Mart\u00edn Beristain es m\u00e9dico y doctor en Psicolog\u00eda Social. Desde hace m\u00e1s de dos d\u00e9cadas trabaja con v\u00edctimas de la violencia y organizaciones de Derechos Humanos (DDHH). Fue coordinador del informe REMHI en Guatemala y ha trabajado como asesor de Comisiones de la Verdad en Per\u00fa, Paraguay y Ecuador. Es colaborador de la [&hellip;]<\/p>\n","protected":false},"author":2,"featured_media":0,"parent":0,"menu_order":0,"comment_status":"closed","ping_status":"open","template":"","meta":{"footnotes":""},"class_list":["post-892","page","type-page","status-publish","hentry"],"_links":{"self":[{"href":"https:\/\/www.galde.eu\/eu\/wp-json\/wp\/v2\/pages\/892","targetHints":{"allow":["GET"]}}],"collection":[{"href":"https:\/\/www.galde.eu\/eu\/wp-json\/wp\/v2\/pages"}],"about":[{"href":"https:\/\/www.galde.eu\/eu\/wp-json\/wp\/v2\/types\/page"}],"author":[{"embeddable":true,"href":"https:\/\/www.galde.eu\/eu\/wp-json\/wp\/v2\/users\/2"}],"replies":[{"embeddable":true,"href":"https:\/\/www.galde.eu\/eu\/wp-json\/wp\/v2\/comments?post=892"}],"version-history":[{"count":0,"href":"https:\/\/www.galde.eu\/eu\/wp-json\/wp\/v2\/pages\/892\/revisions"}],"wp:attachment":[{"href":"https:\/\/www.galde.eu\/eu\/wp-json\/wp\/v2\/media?parent=892"}],"curies":[{"name":"wp","href":"https:\/\/api.w.org\/{rel}","templated":true}]}}