{"id":19349,"date":"2026-01-16T09:42:09","date_gmt":"2026-01-16T08:42:09","guid":{"rendered":"https:\/\/www.galde.eu\/?page_id=19349"},"modified":"2026-01-16T12:17:16","modified_gmt":"2026-01-16T11:17:16","slug":"ensenanzas-federales-alemanas-valiosas-para-el-estado-autonomico-espanol","status":"publish","type":"page","link":"https:\/\/www.galde.eu\/eu\/ensenanzas-federales-alemanas-valiosas-para-el-estado-autonomico-espanol\/","title":{"rendered":"Ense\u00f1anzas federales alemanas valiosas para el Estado auton\u00f3mico espa\u00f1ol"},"content":{"rendered":"<p class=\"qtranxs-available-languages-message qtranxs-available-languages-message-eu\">Ez dago.<\/p>","protected":false},"excerpt":{"rendered":"<p>Ez dago.<\/p>\n","protected":false},"author":8,"featured_media":19350,"parent":0,"menu_order":0,"comment_status":"closed","ping_status":"closed","template":"","meta":{"footnotes":""},"class_list":["post-19349","page","type-page","status-publish","has-post-thumbnail","hentry"],"_links":{"self":[{"href":"https:\/\/www.galde.eu\/eu\/wp-json\/wp\/v2\/pages\/19349","targetHints":{"allow":["GET"]}}],"collection":[{"href":"https:\/\/www.galde.eu\/eu\/wp-json\/wp\/v2\/pages"}],"about":[{"href":"https:\/\/www.galde.eu\/eu\/wp-json\/wp\/v2\/types\/page"}],"author":[{"embeddable":true,"href":"https:\/\/www.galde.eu\/eu\/wp-json\/wp\/v2\/users\/8"}],"replies":[{"embeddable":true,"href":"https:\/\/www.galde.eu\/eu\/wp-json\/wp\/v2\/comments?post=19349"}],"version-history":[{"count":2,"href":"https:\/\/www.galde.eu\/eu\/wp-json\/wp\/v2\/pages\/19349\/revisions"}],"predecessor-version":[{"id":19413,"href":"https:\/\/www.galde.eu\/eu\/wp-json\/wp\/v2\/pages\/19349\/revisions\/19413"}],"wp:featuredmedia":[{"embeddable":true,"href":"https:\/\/www.galde.eu\/eu\/wp-json\/wp\/v2\/media\/19350"}],"wp:attachment":[{"href":"https:\/\/www.galde.eu\/eu\/wp-json\/wp\/v2\/media?parent=19349"}],"curies":[{"name":"wp","href":"https:\/\/api.w.org\/{rel}","templated":true}]}}