{"id":1818,"date":"2013-11-23T23:41:11","date_gmt":"2013-11-23T22:41:11","guid":{"rendered":"https:\/\/www.galde.eu\/?page_id=1818"},"modified":"2013-11-24T00:16:32","modified_gmt":"2013-11-23T23:16:32","slug":"anna-freixas","status":"publish","type":"page","link":"https:\/\/www.galde.eu\/eu\/anna-freixas\/","title":{"rendered":"Anna Freixas"},"content":{"rendered":"<p>Anna Freixas Farr\u00e9, Barcelona 1946. Dra. en Psicolog\u00eda por la UB y catedr\u00e1tica de la Escuela Universitaria en la Universidad de C\u00f3rdoba . Su trabajo de investigaci\u00f3n y publicaciones tratan sobre mujeres y envejecer, coeducaci\u00f3n y feminismo y sobre la transformaci\u00f3n de la investigaci\u00f3n y la docencia en psicolog\u00eda desde una perspectiva de g\u00e9nero. En el estado, ha sido pionera en el desarrollo de la gerontolog\u00eda feminista.<\/p>\n<p>Anaitze Agirre escribe un articulo sobre Anna Freixas, en la revista Galde 03: <a title=\"Mujeres mayores y sexualidad. Anna Freixas\" href=\"https:\/\/www.galde.eu\/mujeres-mayores-y-sexualidad-anna-freixas\/\">Mujeres mayores y sexualidad<\/a>.<\/p>","protected":false},"excerpt":{"rendered":"<p>Anna Freixas Farr\u00e9, Barcelona 1946. Dra. en Psicolog\u00eda por la UB y catedr\u00e1tica de la Escuela Universitaria en la Universidad de C\u00f3rdoba . Su trabajo de investigaci\u00f3n y publicaciones tratan sobre mujeres y envejecer, coeducaci\u00f3n y feminismo y sobre la transformaci\u00f3n de la investigaci\u00f3n y la docencia en psicolog\u00eda desde una perspectiva de g\u00e9nero. En [&hellip;]<\/p>\n","protected":false},"author":2,"featured_media":1822,"parent":0,"menu_order":0,"comment_status":"closed","ping_status":"open","template":"","meta":{"footnotes":""},"class_list":["post-1818","page","type-page","status-publish","has-post-thumbnail","hentry"],"_links":{"self":[{"href":"https:\/\/www.galde.eu\/eu\/wp-json\/wp\/v2\/pages\/1818","targetHints":{"allow":["GET"]}}],"collection":[{"href":"https:\/\/www.galde.eu\/eu\/wp-json\/wp\/v2\/pages"}],"about":[{"href":"https:\/\/www.galde.eu\/eu\/wp-json\/wp\/v2\/types\/page"}],"author":[{"embeddable":true,"href":"https:\/\/www.galde.eu\/eu\/wp-json\/wp\/v2\/users\/2"}],"replies":[{"embeddable":true,"href":"https:\/\/www.galde.eu\/eu\/wp-json\/wp\/v2\/comments?post=1818"}],"version-history":[{"count":0,"href":"https:\/\/www.galde.eu\/eu\/wp-json\/wp\/v2\/pages\/1818\/revisions"}],"wp:featuredmedia":[{"embeddable":true,"href":"https:\/\/www.galde.eu\/eu\/wp-json\/wp\/v2\/media\/1822"}],"wp:attachment":[{"href":"https:\/\/www.galde.eu\/eu\/wp-json\/wp\/v2\/media?parent=1818"}],"curies":[{"name":"wp","href":"https:\/\/api.w.org\/{rel}","templated":true}]}}