{"id":1416,"date":"2013-11-08T19:50:39","date_gmt":"2013-11-08T18:50:39","guid":{"rendered":"https:\/\/www.galde.eu\/?page_id=1416"},"modified":"2014-10-16T17:54:41","modified_gmt":"2014-10-16T15:54:41","slug":"jose-manuel-naredo","status":"publish","type":"page","link":"https:\/\/www.galde.eu\/eu\/jose-manuel-naredo\/","title":{"rendered":"Jos\u00e9 Manuel Naredo"},"content":{"rendered":"<p>Jos\u00e9 Manuel Naredo P\u00e9rez<i>, <\/i>es de profesi\u00f3n economista y estad\u00edstico, y de vocaci\u00f3n librepensador. Cuenta con una larga experiencia investigadora que combina reflexiones de fondo sobre los fundamentos del pensamiento econ\u00f3mico, con an\u00e1lisis concretos que abarcan desde el seguimiento de la coyuntura econ\u00f3mica, hasta el funcionamiento de los sistemas agrarios, urbanos e industriales y su relaci\u00f3n con los recursos naturales y el territorio, todo ello unido a reflexiones pol\u00edticas y filos\u00f3ficas m\u00e1s amplias. Ha sido galardonado con el Premio Nacional de Medio Ambiente 2000, con el Premio Internacional GEOCR\u00cdTICA 2008 y con el premio Panda de Oro 2011, otorgado por el WWF con motivo de su 50 aniversario. En su libro <i>Luces en el laberinto<\/i> (La Catarata, 2009) expone su autobiograf\u00eda intelectual y sus publicaciones, tambi\u00e9n accesibles en su p\u00e1gina web <a href=\"http:\/\/www.elrincondenaredo.org\/index.html\" target=\"_blank\">http:\/\/www.elrincondenaredo.org\/index.html<\/a><\/p>\n<p><a title=\"Entrevista a Jos\u00e9 Manuel Naredo\" href=\"https:\/\/www.galde.eu\/entrevista-a-jose-manuel-naredo\/\">Entrevista a Jos\u00e9 Manuel Naredo en la revista Galde 3<\/a>.<\/p>","protected":false},"excerpt":{"rendered":"<p>Jos\u00e9 Manuel Naredo P\u00e9rez, es de profesi\u00f3n economista y estad\u00edstico, y de vocaci\u00f3n librepensador. Cuenta con una larga experiencia investigadora que combina reflexiones de fondo sobre los fundamentos del pensamiento econ\u00f3mico, con an\u00e1lisis concretos que abarcan desde el seguimiento de la coyuntura econ\u00f3mica, hasta el funcionamiento de los sistemas agrarios, urbanos e industriales y su [&hellip;]<\/p>\n","protected":false},"author":2,"featured_media":1362,"parent":0,"menu_order":0,"comment_status":"closed","ping_status":"open","template":"","meta":{"footnotes":""},"class_list":["post-1416","page","type-page","status-publish","has-post-thumbnail","hentry"],"_links":{"self":[{"href":"https:\/\/www.galde.eu\/eu\/wp-json\/wp\/v2\/pages\/1416","targetHints":{"allow":["GET"]}}],"collection":[{"href":"https:\/\/www.galde.eu\/eu\/wp-json\/wp\/v2\/pages"}],"about":[{"href":"https:\/\/www.galde.eu\/eu\/wp-json\/wp\/v2\/types\/page"}],"author":[{"embeddable":true,"href":"https:\/\/www.galde.eu\/eu\/wp-json\/wp\/v2\/users\/2"}],"replies":[{"embeddable":true,"href":"https:\/\/www.galde.eu\/eu\/wp-json\/wp\/v2\/comments?post=1416"}],"version-history":[{"count":0,"href":"https:\/\/www.galde.eu\/eu\/wp-json\/wp\/v2\/pages\/1416\/revisions"}],"wp:featuredmedia":[{"embeddable":true,"href":"https:\/\/www.galde.eu\/eu\/wp-json\/wp\/v2\/media\/1362"}],"wp:attachment":[{"href":"https:\/\/www.galde.eu\/eu\/wp-json\/wp\/v2\/media?parent=1416"}],"curies":[{"name":"wp","href":"https:\/\/api.w.org\/{rel}","templated":true}]}}