{"id":963,"date":"2013-07-22T22:05:30","date_gmt":"2013-07-22T22:05:30","guid":{"rendered":"https:\/\/www.galde.eu\/?page_id=963"},"modified":"2013-07-22T22:12:42","modified_gmt":"2013-07-22T22:12:42","slug":"carlos-berzosa","status":"publish","type":"page","link":"https:\/\/www.galde.eu\/es\/carlos-berzosa\/","title":{"rendered":"Carlos Berzosa"},"content":{"rendered":"<p><a href=\"https:\/\/www.galde.eu\/wp-content\/uploads\/2013\/03\/BerzosaBN.jpg\"><img class=\"colorbox-963\"  loading=\"lazy\" decoding=\"async\" alt=\"Carlos Berzosa\" src=\"https:\/\/www.galde.eu\/wp-content\/uploads\/2013\/03\/BerzosaBN-150x150.jpg\" width=\"150\" height=\"150\" \/><\/a>\u00a0<b>Carlos Berzosa Alonso-Mart\u00ednez<\/b> es una de las voces cr\u00edticas m\u00e1s conocidas frente a la\u00a0ortodoxia econ\u00f3mica dominante.\u00a0Catedr\u00e1tico de Econom\u00eda Aplicada. Hasta 2011 fue Rector de la Universidad\u00a0 Complutense de Madrid.\u00a0En la actualidad es director de la Revista de Econom\u00eda Cr\u00edtica y presidente de\u00a0la Sociedad de Econom\u00eda Mundial.<\/p>\n<p>Ver en Galde 01. <a title=\"Carlos Berzosa. Entrevista\" href=\"https:\/\/www.galde.eu\/entrevista-a-carlos-berzosa\/\">Entrevista a Carlos Berzosa<\/a>. <a title=\"Koldo Unceta\" href=\"https:\/\/www.galde.eu\/autores\/koldo-unceta\/\">Koldo Unceta<\/a>.<\/p>","protected":false},"excerpt":{"rendered":"<p>\u00a0Carlos Berzosa Alonso-Mart\u00ednez es una de las voces cr\u00edticas m\u00e1s conocidas frente a la\u00a0ortodoxia econ\u00f3mica dominante.\u00a0Catedr\u00e1tico de Econom\u00eda Aplicada. Hasta 2011 fue Rector de la Universidad\u00a0 Complutense de Madrid.\u00a0En la actualidad es director de la Revista de Econom\u00eda Cr\u00edtica y presidente de\u00a0la Sociedad de Econom\u00eda Mundial. Ver en Galde 01. Entrevista a Carlos Berzosa. Koldo [&hellip;]<\/p>\n","protected":false},"author":2,"featured_media":0,"parent":0,"menu_order":0,"comment_status":"closed","ping_status":"closed","template":"","meta":{"footnotes":""},"class_list":["post-963","page","type-page","status-publish","hentry"],"_links":{"self":[{"href":"https:\/\/www.galde.eu\/es\/wp-json\/wp\/v2\/pages\/963","targetHints":{"allow":["GET"]}}],"collection":[{"href":"https:\/\/www.galde.eu\/es\/wp-json\/wp\/v2\/pages"}],"about":[{"href":"https:\/\/www.galde.eu\/es\/wp-json\/wp\/v2\/types\/page"}],"author":[{"embeddable":true,"href":"https:\/\/www.galde.eu\/es\/wp-json\/wp\/v2\/users\/2"}],"replies":[{"embeddable":true,"href":"https:\/\/www.galde.eu\/es\/wp-json\/wp\/v2\/comments?post=963"}],"version-history":[{"count":0,"href":"https:\/\/www.galde.eu\/es\/wp-json\/wp\/v2\/pages\/963\/revisions"}],"wp:attachment":[{"href":"https:\/\/www.galde.eu\/es\/wp-json\/wp\/v2\/media?parent=963"}],"curies":[{"name":"wp","href":"https:\/\/api.w.org\/{rel}","templated":true}]}}