{"id":3381,"date":"2014-06-29T10:45:12","date_gmt":"2014-06-29T08:45:12","guid":{"rendered":"https:\/\/www.galde.eu\/?page_id=3381"},"modified":"2014-07-02T19:57:10","modified_gmt":"2014-07-02T17:57:10","slug":"jose-ignacio-lacasta-zabalza","status":"publish","type":"page","link":"https:\/\/www.galde.eu\/es\/jose-ignacio-lacasta-zabalza\/","title":{"rendered":"Jos\u00e9 Ignacio Lacasta Zabalza"},"content":{"rendered":"<p>Jos\u00e9 Ignacio Lacasta Zabalza.\u00a0Catedr\u00e1tico de Filosof\u00eda del Derecho. Universidad de Zaragoza.<\/p>\n<p><a title=\"Entrevista a Jos\u00e9 Ignacio Lacasta Zabalza\" href=\"https:\/\/www.galde.eu\/entrevista-a-jose-ignacio-lacasta-zabalza\/\">Entrevista a Jos\u00e9 Ignacio Lacasta Zabalza<\/a>\u00a0en Galde 06, primavera\/2014.<\/p>","protected":false},"excerpt":{"rendered":"<p>Jos\u00e9 Ignacio Lacasta Zabalza.\u00a0Catedr\u00e1tico de Filosof\u00eda del Derecho. Universidad de Zaragoza. Entrevista a Jos\u00e9 Ignacio Lacasta Zabalza\u00a0en Galde 06, primavera\/2014.<\/p>\n","protected":false},"author":2,"featured_media":0,"parent":0,"menu_order":0,"comment_status":"closed","ping_status":"open","template":"","meta":{"footnotes":""},"class_list":["post-3381","page","type-page","status-publish","hentry"],"_links":{"self":[{"href":"https:\/\/www.galde.eu\/es\/wp-json\/wp\/v2\/pages\/3381","targetHints":{"allow":["GET"]}}],"collection":[{"href":"https:\/\/www.galde.eu\/es\/wp-json\/wp\/v2\/pages"}],"about":[{"href":"https:\/\/www.galde.eu\/es\/wp-json\/wp\/v2\/types\/page"}],"author":[{"embeddable":true,"href":"https:\/\/www.galde.eu\/es\/wp-json\/wp\/v2\/users\/2"}],"replies":[{"embeddable":true,"href":"https:\/\/www.galde.eu\/es\/wp-json\/wp\/v2\/comments?post=3381"}],"version-history":[{"count":0,"href":"https:\/\/www.galde.eu\/es\/wp-json\/wp\/v2\/pages\/3381\/revisions"}],"wp:attachment":[{"href":"https:\/\/www.galde.eu\/es\/wp-json\/wp\/v2\/media?parent=3381"}],"curies":[{"name":"wp","href":"https:\/\/api.w.org\/{rel}","templated":true}]}}