{"id":2904,"date":"2013-07-01T11:13:07","date_gmt":"2013-07-01T09:13:07","guid":{"rendered":"https:\/\/www.galde.eu\/?page_id=2904"},"modified":"2014-06-05T14:00:11","modified_gmt":"2014-06-05T12:00:11","slug":"ayuda-para-descargar-pdfs-desde-issuu-com","status":"publish","type":"page","link":"https:\/\/www.galde.eu\/es\/ayuda-para-descargar-pdfs-desde-issuu-com\/","title":{"rendered":"Ayuda para descargar PDFs desde issuu.com"},"content":{"rendered":"<p><strong>Para descargar la publicaci\u00f3n en formato PDF tendr\u00e1s que abrir sesi\u00f3n en issuu.com<\/strong><\/p>\n<p>(Para ver todas las revistas y dossier de Galde publicados:\u00a0<a href=\"http:\/\/issuu.com\/galde.aldizkaria\" target=\"_blank\">http:\/\/issuu.com\/galde.aldizkaria<\/a>)<\/p>\n<p>Puedes <strong>abrir sesi\u00f3n<\/strong> en issuu.com con tu cuenta de issuu (<a title=\"Registro en issuu.com\" href=\"http:\/\/issuu.com\/#\/freeSignupNamePassword\" target=\"_blank\">puedes registrarte gratis<\/a>) o con\u00a0cualquiera de tus cuentas de Facebook, Google+ o Linkedin.<\/p>\n<p style=\"text-align: center;\"><a href=\"https:\/\/www.galde.eu\/wp-content\/uploads\/2014\/06\/issuu-descarg1.jpg\"><img loading=\"lazy\" decoding=\"async\" class=\"wp-image-2905 aligncenter colorbox-2904\" alt=\"issuu-descarg1\" src=\"https:\/\/www.galde.eu\/wp-content\/uploads\/2014\/06\/issuu-descarg1.jpg\" width=\"123\" height=\"184\" data-id=\"2905\" srcset=\"https:\/\/www.galde.eu\/wp-content\/uploads\/2014\/06\/issuu-descarg1.jpg 342w, https:\/\/www.galde.eu\/wp-content\/uploads\/2014\/06\/issuu-descarg1-200x300.jpg 200w\" sizes=\"auto, (max-width: 123px) 100vw, 123px\" \/><\/a><\/p>\n<p>Para<strong> descargar el PDF<\/strong> de una publicaci\u00f3n que est\u00e1s visualizando en issuu, <strong>pincha en Share<\/strong> (est\u00e1 debajo de la publicaci\u00f3n):<\/p>\n<p style=\"text-align: center;\"><a href=\"https:\/\/www.galde.eu\/wp-content\/uploads\/2014\/06\/issuu-share1.jpg\"><img loading=\"lazy\" decoding=\"async\" class=\" wp-image-2906 aligncenter colorbox-2904\" alt=\"issuu-share1\" src=\"https:\/\/www.galde.eu\/wp-content\/uploads\/2014\/06\/issuu-share1.jpg\" width=\"269\" height=\"61\" data-id=\"2906\" srcset=\"https:\/\/www.galde.eu\/wp-content\/uploads\/2014\/06\/issuu-share1.jpg 448w, https:\/\/www.galde.eu\/wp-content\/uploads\/2014\/06\/issuu-share1-300x67.jpg 300w\" sizes=\"auto, (max-width: 269px) 100vw, 269px\" \/><\/a><\/p>\n<p><strong>Despu\u00e9s de pinchar en Share<\/strong> se despliega debajo un peque\u00f1o men\u00fa horizontal que empieza con\u00a0<strong><label for=\"radio-firstpage\">From first page <\/label><\/strong><label for=\"radio-firstpage\">y siguen \u00a0opciones a la derecha que est\u00e1n en un gris muy tenue.<\/label><strong><label for=\"radio-firstpage\"> Rec\u00f3rrelas con el rat\u00f3n para que se visualice Download.<\/label><\/strong><\/p>\n<p style=\"text-align: center;\"><a href=\"https:\/\/www.galde.eu\/wp-content\/uploads\/2014\/06\/issuu-downl1.jpg\"><img loading=\"lazy\" decoding=\"async\" class=\" wp-image-2907 aligncenter colorbox-2904\" alt=\"issuu-downl1\" src=\"https:\/\/www.galde.eu\/wp-content\/uploads\/2014\/06\/issuu-downl1.jpg\" width=\"275\" height=\"55\" data-id=\"2907\" srcset=\"https:\/\/www.galde.eu\/wp-content\/uploads\/2014\/06\/issuu-downl1.jpg 458w, https:\/\/www.galde.eu\/wp-content\/uploads\/2014\/06\/issuu-downl1-300x60.jpg 300w\" sizes=\"auto, (max-width: 275px) 100vw, 275px\" \/><\/a><\/p>\n<p>P<strong>incha en Download<\/strong> \u00a0y <strong>se iniciar\u00e1<\/strong> la <strong>descarga<\/strong> de la publicaci\u00f3n <strong>en PDF<\/strong>.<\/p>\n<p><strong>Para ver todas las revistas y dossier de Galde publicados:\u00a0<\/strong>\u00a0<a href=\"http:\/\/issuu.com\/galde.aldizkaria\" target=\"_blank\">http:\/\/issuu.com\/galde.aldizkaria<\/a><\/p>","protected":false},"excerpt":{"rendered":"<p>Para descargar la publicaci\u00f3n en formato PDF tendr\u00e1s que abrir sesi\u00f3n en issuu.com (Para ver todas las revistas y dossier de Galde publicados:\u00a0http:\/\/issuu.com\/galde.aldizkaria) Puedes abrir sesi\u00f3n en issuu.com con tu cuenta de issuu (puedes registrarte gratis) o con\u00a0cualquiera de tus cuentas de Facebook, Google+ o Linkedin. Para descargar el PDF de una publicaci\u00f3n que est\u00e1s [&hellip;]<\/p>\n","protected":false},"author":2,"featured_media":0,"parent":0,"menu_order":0,"comment_status":"closed","ping_status":"open","template":"","meta":{"footnotes":""},"class_list":["post-2904","page","type-page","status-publish","hentry"],"_links":{"self":[{"href":"https:\/\/www.galde.eu\/es\/wp-json\/wp\/v2\/pages\/2904","targetHints":{"allow":["GET"]}}],"collection":[{"href":"https:\/\/www.galde.eu\/es\/wp-json\/wp\/v2\/pages"}],"about":[{"href":"https:\/\/www.galde.eu\/es\/wp-json\/wp\/v2\/types\/page"}],"author":[{"embeddable":true,"href":"https:\/\/www.galde.eu\/es\/wp-json\/wp\/v2\/users\/2"}],"replies":[{"embeddable":true,"href":"https:\/\/www.galde.eu\/es\/wp-json\/wp\/v2\/comments?post=2904"}],"version-history":[{"count":0,"href":"https:\/\/www.galde.eu\/es\/wp-json\/wp\/v2\/pages\/2904\/revisions"}],"wp:attachment":[{"href":"https:\/\/www.galde.eu\/es\/wp-json\/wp\/v2\/media?parent=2904"}],"curies":[{"name":"wp","href":"https:\/\/api.w.org\/{rel}","templated":true}]}}