{"id":2,"date":"2013-04-09T20:27:58","date_gmt":"2013-01-17T15:58:41","guid":{"rendered":"https:\/\/www.galde.eu\/?page_id=2"},"modified":"2025-08-02T00:15:20","modified_gmt":"2025-08-01T22:15:20","slug":"quienes-somos","status":"publish","type":"page","link":"https:\/\/www.galde.eu\/es\/quienes-somos\/","title":{"rendered":"Qui\u00e9nes somos"},"content":{"rendered":"<p>Galde quiere ser una revista pol\u00edtico-cultural, de ideas y opiniones, abierta, libre, sin ataduras pol\u00edticas ni institucionales, una revista que responda a la necesidad de plantear toda una serie de interrogantes sobre la realidad actual y a reflejar todas las incertidumbres que tienen, tenemos, gentes diversas y progresistas en este pa\u00eds. Una revista enraizada en la realidad particular de Euskadi y, a partir de ah\u00ed, abierta al mundo y a todo tipo de problemas e inquietudes. Una revista en papel y tambi\u00e9n complementada por una edici\u00f3n digital.<\/p>\n<p>Una revista \u201cespecializada\u201d en torno a la complejidad y las pluralidades de distinto signo y calado de la sociedad vasconavarra y sus consecuencias, especialmente todas aquellas \u00abnegativas\u00bb que tienen que ver con el aumento de las desigualdades; con muchas preguntas y sin demasiadas certezas en torno a diferentes temas. \u00c9stos pueden ir desde las distintas expectativas de la sociedad postETA, hasta la cr\u00edtica de un modelo de producci\u00f3n y consumo injusto, depredador de recursos e insostenible: la cr\u00edtica de la pol\u00edtica entendida como un ritual en manos de partidos esclerotizados, el reto de la integraci\u00f3n de la poblaci\u00f3n inmigrante o el trabajo pendiente en la lucha por la igualdad de la mujer.<\/p>\n<p>Y todo ello sin renunciar al viejo sue\u00f1o de la revoluci\u00f3n, esto es, sin abandonar el horizonte de construir una sociedad definitivamente m\u00e1s libre, m\u00e1s justa y en armon\u00eda con el planeta. En ese proceso largo, presumiblemente muy largo, nos gustar\u00eda participar y aportar nuestro grano de arena.<\/p>\n<div class=\"page\" title=\"Page 2\">\n<div class=\"layoutArea\">\n<div class=\"column\">\n<h1><span style=\"color: #808080;\"><strong>galde<\/strong><\/span><\/h1>\n<p><span class=\"s2\"><span class=\"s1\"><strong>Redacci\u00f3n:<\/strong> Duque de Mandas, <\/span>38, bajo. 20012 &#8211; <span class=\"s1\">Donostia \/ San Sebasti\u00e1n<\/span><\/span><\/p>\n<p><b><span class=\"s2\"><span class=\"s1\">Erredakzioa<\/span><\/span>: <a href=\"mailto:redaccion@galde.eu\" target=\"_blank\" rel=\"noopener\">redaccion@galde.eu<\/a><br \/>\nSuscripciones \/ Harpidetzak: <a href=\"mailto:suscripciones@galde.eu\" target=\"_blank\" rel=\"noopener\">suscripcion@galde.eu<\/a><br \/>\nInformaci\u00f3n: <a href=\"mailto:info@galde.eu\" target=\"_blank\" rel=\"noopener\">info@galde.eu<\/a><\/b><\/p>\n<p><span class=\"s1\"><b>Edita<\/b>: <strong>Galde Kultur Elkartea. <\/strong><b>Dep\u00f3sito Legal<\/b>: <\/span><span class=\"s2\">SS-551-2013 <strong>ISSN<\/strong>: 2255-563<br \/>\n<\/span><b>Imprimategia: <\/b>Michelena Artes Gr\u00e1ficas &#8211; <span class=\"s1\">Ubarburu, <\/span>54 <span class=\"s1\">&#8211; Pol\u00edgono <\/span>27 <span class=\"s1\">&#8211; Martutene. <b>Papel: <\/b><\/span>ISO-14001<\/p>\n<p><span class=\"s1\" style=\"color: #993300;\"><b>Galde <\/b>no se hace responsable de las opiniones vertidas en este medio.<br \/>\n<\/span><span class=\"s1\"><span style=\"color: #993300;\">Se autoriza la reproducci\u00f3n de art\u00edculos citando la fuente.<\/span><\/span><\/p>\n<p><span class=\"s1\"><strong>Equipo Editorial: <\/strong><b style=\"text-align: left;\">Anaitze Agirre, Peio Aierbe, I\u00f1aki Altube,\u00a0I\u00f1aki Bolibar, Santiago Burutxaga, Antonio Dupl\u00e1, Itziar Eizagirre, Amaia Gonzalez, Manu Gonz\u00e1lez Bara\u00f1aga, Nerea Gonzalez Roncal, Felipe Gurrutxaga,\u00a0I\u00f1aki Irazabalbeitia,\u00a0Elo Mayo, Clara Murgialday, Lourdes O\u00f1ederra, Miren Ortubay,<\/b><b style=\"text-align: left;\">\u00a0Rafael Ruzafa, Alberto Surio, Koldo Unceta, Koldo Uranga, Imanol Zubero, Santiago Eraso.<\/b><br \/>\n<\/span><\/p>\n<\/div>\n<\/div>\n<\/div>\n<p><\/p>","protected":false},"excerpt":{"rendered":"<p>Galde quiere ser una revista pol\u00edtico-cultural, de ideas y opiniones, abierta, libre, sin ataduras pol\u00edticas ni institucionales, una revista que responda a la necesidad de plantear toda una serie de interrogantes sobre la realidad actual y a reflejar todas las incertidumbres que tienen, tenemos, gentes diversas y progresistas en este pa\u00eds. Una revista enraizada en [&hellip;]<\/p>\n","protected":false},"author":1,"featured_media":0,"parent":0,"menu_order":0,"comment_status":"closed","ping_status":"open","template":"","meta":{"footnotes":""},"class_list":["post-2","page","type-page","status-publish","hentry"],"_links":{"self":[{"href":"https:\/\/www.galde.eu\/es\/wp-json\/wp\/v2\/pages\/2","targetHints":{"allow":["GET"]}}],"collection":[{"href":"https:\/\/www.galde.eu\/es\/wp-json\/wp\/v2\/pages"}],"about":[{"href":"https:\/\/www.galde.eu\/es\/wp-json\/wp\/v2\/types\/page"}],"author":[{"embeddable":true,"href":"https:\/\/www.galde.eu\/es\/wp-json\/wp\/v2\/users\/1"}],"replies":[{"embeddable":true,"href":"https:\/\/www.galde.eu\/es\/wp-json\/wp\/v2\/comments?post=2"}],"version-history":[{"count":7,"href":"https:\/\/www.galde.eu\/es\/wp-json\/wp\/v2\/pages\/2\/revisions"}],"predecessor-version":[{"id":18204,"href":"https:\/\/www.galde.eu\/es\/wp-json\/wp\/v2\/pages\/2\/revisions\/18204"}],"wp:attachment":[{"href":"https:\/\/www.galde.eu\/es\/wp-json\/wp\/v2\/media?parent=2"}],"curies":[{"name":"wp","href":"https:\/\/api.w.org\/{rel}","templated":true}]}}