{"id":19394,"date":"2026-01-16T11:49:12","date_gmt":"2026-01-16T10:49:12","guid":{"rendered":"https:\/\/www.galde.eu\/?page_id=19394"},"modified":"2026-01-16T11:55:07","modified_gmt":"2026-01-16T10:55:07","slug":"el-federalismo-como-principio-de-unidad","status":"publish","type":"page","link":"https:\/\/www.galde.eu\/es\/el-federalismo-como-principio-de-unidad\/","title":{"rendered":"El federalismo como principio de unidad"},"content":{"rendered":"<p><\/p>\n<p lang=\"fr-CA\"><strong>St\u00e9phane Dion<\/strong> (Polit\u00f3logo, exparlamentario, ministro y diplom\u00e1tico canadiense)<\/p>\n<p lang=\"fr-CA\">__________________________________<\/p>\n<p><span style=\"font-family: Arial, serif;\"><span lang=\"es-ES\">Es bien sabido que, aunque oficialmente Espa\u00f1a no es una federaci\u00f3n, en la pr\u00e1ctica tiene algunas caracter\u00edsticas propias de una.<\/span><\/span><\/p>\n<p><span style=\"font-family: Arial, serif;\"><span lang=\"es-ES\">B\u00e1sicamente, el federalismo es la atribuci\u00f3n por parte de la Constituci\u00f3n de competencias legislativas al parlamento federal y a las asambleas legislativas de las entidades federadas, cada una de las cuales es elegida directamente por la poblaci\u00f3n. En el sistema espa\u00f1ol, las regiones ejercen amplias responsabilidades, m\u00e1s importantes que en muchas federaciones cl\u00e1sicas, pero estas les son asignadas por devoluci\u00f3n m\u00e1s que por divisi\u00f3n constitucional como tal. Por ello, en la literatura sobre federalismo, la Espa\u00f1a contempor\u00e1nea se clasifica a veces entre las federaciones, pero a menudo se considera m\u00e1s bien un Estado cuasi federal. O, seg\u00fan la expresi\u00f3n de Xavier Arbos, \u00abuna federaci\u00f3n sin federalismo\u00bb.<\/span><\/span><\/p>\n<p><span style=\"font-family: Arial, serif;\"><span lang=\"es-ES\">Siempre me ha parecido que la reticencia de muchos espa\u00f1oles a definir su pa\u00eds como una federaci\u00f3n o incluso como una cuasi federaci\u00f3n proviene de la creencia err\u00f3nea de que los Estados federados son, por definici\u00f3n, m\u00e1s fr\u00e1giles en su unidad que los Estados unitarios. Este error de perspectiva no solo est\u00e1 de moda en Espa\u00f1a. A menudo se acusa al federalismo de ser un sistema pol\u00edtico demasiado fr\u00e1gil para mantener unidas a poblaciones heterog\u00e9neas. En lugar de unir, ser\u00eda una antesala de la separaci\u00f3n. <\/span><\/span><\/p>\n<p><span style=\"font-family: Arial, serif;\"><span lang=\"es-ES\">La verdad es que ninguna federaci\u00f3n aut\u00e9ntica, es decir, democr\u00e1tica, ha sufrido una secesi\u00f3n hasta la fecha. No hay nada que indique que este sistema de gobierno sea particularmente inestable. Adem\u00e1s, en el derecho internacional, la integridad territorial de los Estados no es menos reconocida para las federaciones que para los Estados unitarios. Por otra parte, ser\u00eda injusto e il\u00f3gico que fuera de otro modo, ya que los Estados no tendr\u00edan ning\u00fan inter\u00e9s en convertirse en federaciones si su unidad estuviera menos s\u00f3lidamente fundamentada en el derecho. As\u00ed lo explic\u00f3 claramente, en el marco de la remisi\u00f3n del Tribunal Supremo de Canad\u00e1 sobre la secesi\u00f3n de Quebec en 1998, el profesor suizo Luzius Wildhaber, antiguo juez y primer presidente del Tribunal Europeo de Derechos Humanos.<\/span><\/span><\/p>\n<p><span style=\"font-family: Arial, serif;\"><span lang=\"es-ES\">Si bien algunos reg\u00edmenes autoritarios o totalitarios, hoy desaparecidos, pod\u00edan afirmar que eran formalmente federaciones, solo lo eran en apariencia. En esencia, el federalismo es una forma de gobierno democr\u00e1tico basada en el imperio de la ley, con parlamentos elegidos directamente por los votantes y un poder judicial independiente del poder pol\u00edtico y capaz de limitar cada orden de gobierno a las responsabilidades que le reconoce la Constituci\u00f3n.<\/span><\/span><\/p>\n<p><span style=\"font-family: Arial, serif;\"><span lang=\"es-ES\">El federalismo se pone a prueba cuando el gobierno federal debe compartir el poder con gobiernos regionales elegidos que pueden tener orientaciones pol\u00edticas diferentes. M\u00e9xico, Brasil y Argentina se han convertido en verdaderas federaciones al democratizarse.<\/span><\/span><\/p>\n<p><span style=\"font-family: Arial, serif;\"><span lang=\"es-ES\">Si la democracia es una condici\u00f3n para el federalismo, este \u00faltimo es una protecci\u00f3n para la democracia. Si uno o varios gobiernos de una federaci\u00f3n se desv\u00edan hacia el autoritarismo o hacia excesos ideol\u00f3gicos o de otro tipo, los dem\u00e1s gobiernos de la federaci\u00f3n pueden ejercer un contrapeso beneficioso. Por citar un ejemplo de actualidad que nos viene a todos a la mente: es una suerte para Estados Unidos \u2014y para el mundo\u2014 que muchos gobernadores sean dem\u00f3cratas, o incluso que los estados republicanos puedan no seguir al presidente Trump en todas sus iniciativas.<\/span><\/span><\/p>\n<p><span style=\"font-family: Arial, serif;\"><span lang=\"es-ES\">El federalismo es un principio democr\u00e1tico, pero tambi\u00e9n uno de unidad. De hecho, al igual que la gran mayor\u00eda de las democracias con reg\u00edmenes unitarios, casi todas las federaciones democr\u00e1ticas se declaran indivisibles, en su jurisprudencia o en su constituci\u00f3n, como lo hace la Constituci\u00f3n espa\u00f1ola en su art\u00edculo <\/span><\/span><span style=\"font-family: Arial, serif;\"><span lang=\"es-ES\">2. Es el caso de Estados Unidos, Alemania, Suiza, Australia, India, etc.<\/span><\/span><\/p>\n<p><span style=\"font-family: Arial, serif;\"><span lang=\"es-ES\">Entre la breve lista de pa\u00edses democr\u00e1ticos que no se reconocen como indivisibles se encuentra Canad\u00e1, que es una federaci\u00f3n, pero tambi\u00e9n el Reino Unido, que no lo es.<\/span><\/span><\/p>\n<p><span style=\"font-family: Arial, serif;\"><span lang=\"es-ES\">La raz\u00f3n fundamental por la que casi todos los Estados democr\u00e1ticos, sean federaciones o no, se declaran indivisibles es el principio de ciudadan\u00eda: los derechos que confiere la ciudadan\u00eda en una democracia se reconocen en todo el territorio nacional a cada ciudadano, y cada ciudadano tiene derecho a transmitir ese derecho a sus hijos.<\/span><\/span><\/p>\n<p><span style=\"font-family: Arial, serif;\"><span lang=\"es-ES\">Por eso, b\u00e1sicamente, casi todos los Estados democr\u00e1ticos rechazan la secesi\u00f3n como una imposibilidad constitucional, y todos sin excepci\u00f3n rechazan la secesi\u00f3n unilateral, es decir, una secesi\u00f3n sin un acuerdo constitucional negociado con el gobierno central (o federal en el caso de una federaci\u00f3n).<\/span><\/span><\/p>\n<p><span style=\"font-family: Arial, serif;\"><span lang=\"es-ES\">Este principio de ciudadan\u00eda es la raz\u00f3n fundamental por la que el derecho a la autodeterminaci\u00f3n, en un contexto democr\u00e1tico, significa autodeterminaci\u00f3n interna y no debe confundirse con el derecho a la autodeterminaci\u00f3n externa, es decir, la secesi\u00f3n.<a class=\"sdfootnoteanc\" href=\"#sdfootnote1sym\" name=\"sdfootnote1anc\"><sup>1<\/sup><\/a><\/span><\/span><\/p>\n<p><span style=\"font-family: Arial, serif;\"><span lang=\"es-ES\">El hecho de que ninguna federaci\u00f3n democr\u00e1tica se haya dividido jam\u00e1s no significa que este fen\u00f3meno sea imposible. Corresponde a las federaciones tener en cuenta las preocupaciones de sus poblaciones y, al mismo tiempo, desarrollar entre ellas una fuerte lealtad mutua. Estos dos ingredientes son necesarios para que una federaci\u00f3n sea equilibrada: el respeto de las diferencias, pero tambi\u00e9n la capacidad de actuar juntos.<\/span><\/span><\/p>\n<p><span style=\"font-family: Arial, serif;\"><span lang=\"es-ES\">En lugar de debilitar la unidad nacional, el federalismo suele ser una condici\u00f3n pr\u00e1ctica para dicha unidad. No creo que un pa\u00eds tan vasto y diverso como Canad\u00e1 pueda ser un pa\u00eds unitario. En \u00c1frica, es dif\u00edcil imaginar que el gigante nigeriano pueda ser otra cosa que una federaci\u00f3n. La uni\u00f3n federal parece ser la \u00fanica forma de unidad que le permite existir. Del mismo modo, no se ve c\u00f3mo Etiop\u00eda y Sud\u00e1frica podr\u00edan superar sus grandes dificultades sin apoyarse en los elementos federativos de sus sistemas pol\u00edticos.<\/span><\/span><\/p>\n<p><span style=\"font-family: Arial, serif;\"><span lang=\"es-ES\">Independientemente de que Espa\u00f1a se defina o no como una federaci\u00f3n, lo importante para ella es seguir por la senda de las virtudes del federalismo. Al fijarse oficialmente ese objetivo, aumenta sus posibilidades de alcanzarlo.<\/span><\/span><\/p>\n<p><span style=\"font-family: Arial, serif;\"><span lang=\"es-ES\">Sin idealizar el federalismo, lo cierto es que encarna un ideal que hay que perseguir. Un pa\u00eds con rasgos federativos sale ganando al perseguir ese ideal como uno de sus objetivos nacionales. \u00bfCu\u00e1l es ese ideal? El federalismo fomenta la competencia de ideas, la b\u00fasqueda plural de formas de actuar, la ayuda mutua en el respeto rec\u00edproco, la cooperaci\u00f3n fruct\u00edfera de poblaciones heterog\u00e9neas, valores todos ellos compatibles con la democracia y que, a su vez, la alimentan.<\/span><\/span><\/p>\n<p><span style=\"font-family: Arial, serif;\"><span lang=\"es-ES\">En una federaci\u00f3n, los responsables de los distintos niveles de gobierno suelen pertenecer a partidos diferentes y rivales, y les corresponde dar ejemplo a sus conciudadanos demostr\u00e1ndoles que es posible que personas que no comparten las mismas convicciones pol\u00edticas trabajen juntas por el bien com\u00fan.<\/span><\/span><\/p>\n<p><span style=\"font-family: Arial, serif;\"><span lang=\"es-ES\">En resumen, la afirmaci\u00f3n de Tocqueville sigue siendo cierta, en el sentido de que el federalismo combina las ventajas de las naciones grandes y peque\u00f1as: la fuerza de la unidad, respetando al mismo tiempo las diferencias.<\/span><\/span><\/p>\n<p><span style=\"font-family: Arial, serif;\"><span lang=\"es-ES\">Este es el ideal que persigo como quebequ\u00e9s y canadiense decidido a combinar siempre estas dos hermosas identidades. Porque el federalismo permite identidades plurales. Por supuesto, la epopeya canadiense puede fracasar ante los separatismos. Pero eso ser\u00eda enviar una se\u00f1al equivocada en un mundo en el que la gran mayor\u00eda de los pa\u00edses re\u00fanen a varios grupos humanos diferentes. En lugar de destruir el Canad\u00e1 que existe, ser\u00eda preferible que surgieran otros Canad\u00e1s, con sus propias instituciones, sus propias formas de ser, pero que persiguieran el mismo ideal de unidad en la diversidad. <\/span><\/span><span style=\"font-family: Arial, serif;\"><span lang=\"fr-CA\">\u00bfPor qu\u00e9 no podr\u00eda decirse lo mismo de Espa\u00f1a?<\/span><\/span><\/p>\n<p><span style=\"font-family: Arial, serif;\"><span lang=\"es-ES\">En una \u00e9poca en la que reina la desconfianza entre las poblaciones en demasiados lugares del mundo, es importante que las federaciones demuestren que es posible que poblaciones diferentes por su lengua o su cultura combinen su autonom\u00eda y su uni\u00f3n para figurar entre los pa\u00edses m\u00e1s pr\u00f3speros del mundo.<\/span><\/span><\/p>\n<hr \/>\n<div id=\"sdfootnote1\">\n<p class=\"sdfootnote-western\" lang=\"en-CA\"><a class=\"sdfootnotesym\" href=\"#sdfootnote1anc\" name=\"sdfootnote1sym\">1<\/a> <span style=\"font-family: Arial, serif;\"><span lang=\"es-ES\">Desarrollo este argumento con m\u00e1s detalle en: St\u00e9phane Dion, Alberto L\u00f3pez Basaguren y Francisco Javier Romero,<\/span><\/span> <span style=\"font-family: Arial, serif;\"><span lang=\"es-ES\"><i>Condiciones de la Secesi\u00f3n en Democracia. Reflexiones a partir de la experiencia canadiense<\/i><\/span><\/span><span style=\"font-family: Arial, serif;\"><span lang=\"es-ES\"> (Tirant, 2024).<\/span><\/span><\/p>\n<\/div>\n<p><\/p>","protected":false},"excerpt":{"rendered":"<p>St\u00e9phane Dion (Polit\u00f3logo, exparlamentario, ministro y diplom\u00e1tico canadiense) __________________________________ Es bien sabido que, aunque oficialmente Espa\u00f1a no es una federaci\u00f3n, en la pr\u00e1ctica tiene algunas caracter\u00edsticas propias de una. B\u00e1sicamente, el federalismo es la atribuci\u00f3n por parte de la Constituci\u00f3n de competencias legislativas al parlamento federal y a las asambleas legislativas de las entidades federadas, [&hellip;]<\/p>\n","protected":false},"author":8,"featured_media":19402,"parent":0,"menu_order":0,"comment_status":"closed","ping_status":"closed","template":"","meta":{"footnotes":""},"class_list":["post-19394","page","type-page","status-publish","has-post-thumbnail","hentry"],"_links":{"self":[{"href":"https:\/\/www.galde.eu\/es\/wp-json\/wp\/v2\/pages\/19394","targetHints":{"allow":["GET"]}}],"collection":[{"href":"https:\/\/www.galde.eu\/es\/wp-json\/wp\/v2\/pages"}],"about":[{"href":"https:\/\/www.galde.eu\/es\/wp-json\/wp\/v2\/types\/page"}],"author":[{"embeddable":true,"href":"https:\/\/www.galde.eu\/es\/wp-json\/wp\/v2\/users\/8"}],"replies":[{"embeddable":true,"href":"https:\/\/www.galde.eu\/es\/wp-json\/wp\/v2\/comments?post=19394"}],"version-history":[{"count":1,"href":"https:\/\/www.galde.eu\/es\/wp-json\/wp\/v2\/pages\/19394\/revisions"}],"predecessor-version":[{"id":19399,"href":"https:\/\/www.galde.eu\/es\/wp-json\/wp\/v2\/pages\/19394\/revisions\/19399"}],"wp:featuredmedia":[{"embeddable":true,"href":"https:\/\/www.galde.eu\/es\/wp-json\/wp\/v2\/media\/19402"}],"wp:attachment":[{"href":"https:\/\/www.galde.eu\/es\/wp-json\/wp\/v2\/media?parent=19394"}],"curies":[{"name":"wp","href":"https:\/\/api.w.org\/{rel}","templated":true}]}}