{"id":1853,"date":"2013-12-28T16:08:56","date_gmt":"2013-12-28T15:08:56","guid":{"rendered":"https:\/\/www.galde.eu\/?page_id=1853"},"modified":"2013-12-28T16:31:29","modified_gmt":"2013-12-28T15:31:29","slug":"ada-colau-entrevista-en-el-pais-semanal","status":"publish","type":"page","link":"https:\/\/www.galde.eu\/es\/ada-colau-entrevista-en-el-pais-semanal\/","title":{"rendered":"Ada Colau &#8211; entrevista en El PAIS SEMANAL"},"content":{"rendered":"<p><span style=\"color: #000000;\">Revista El PAIS SEMANAL 28\/06\/2013. P\u00e1gina 22.<\/span><\/p>\n<p><a title=\"Ada Colau\" href=\"https:\/\/www.galde.eu\/ada-colau\/\"><span style=\"color: #000000;\">Ada COLAU<\/span><\/a><\/p>\n<p><span style=\"color: #000000;\">\u201cEn Espa\u00f1a puedes ser un mafioso y disfrutar de reconocimiento oficial\u00bb<\/span><\/p>\n<p><span style=\"color: #000000;\">L\u00edder del movimiento anti desahucios e impulsora de los escraches contra pol\u00edticos, esta catalana se ha convertido en la activista m\u00e1s famosa y contundente de los \u00faltimos tiempos.<\/span><\/p>\n<p><span style=\"color: #000000;\">Por Mikel L\u00f3pez Iturriaga. Fotograf\u00eda de Nacho Alegre.<\/span><\/p>\n<p><span style=\"color: #000000;\">\u201cUn, dos, tres, \u00a1fuerte!\u00bb. Levantar la reja del local de la Plataforma de Afectados por la Hipoteca (PAH) en Barcelona, cuyo sistema el\u00e9ctrico se ha estropeado, ha sido mi acto solidario de hoy. Solidario con su portavoz, Ada Colau, que quiz\u00e1 no habr\u00eda podido sola porque pesa un quintal, pero en el fondo interesado, porque quiero ver d\u00f3nde opera una de las organizaciones sociales m\u00e1s activas y exitosas de este pa\u00eds. Superada la prueba, entramos en una amplia lonja con aires de garaje en la que se reparten unas cuantas mesas con sus ordenadores y sus sillas de oficina. Todo es espartano y con pinta de segunda mano, como supongo corresponde a un movimiento de base.<\/span><\/p>\n<p><span style=\"color: #000000;\">Colau se sienta y, en cuanto empiezo a preguntar, sale de su boca un discurso tan torrencial que dan ganas de unirse a la lucha o, si est\u00e1s en el otro lado de la barricada, de rendirse y entregarse. Esta barcelonesa de 39 a\u00f1os es la voz p\u00fablica de muchas personas que han estado o est\u00e1n a punto de ser desahuciadas de sus hogares por no poder pagar su deuda con los bancos, y que se han unido para pelear. Su defensa de acciones tan pol\u00e9micas como los escraches la ha convertido en favorita de unos medios y en punching ball de otros. En esperanza blanca de muchos progresistas&#8230; y en bestia negra del Partido Popular, algunos de cuyos dirigentes no dudaron en relacionarla con el terrorismo en un in\u00fatil intento de mermar su popularidad.<\/span><\/p>\n<p><span style=\"color: #000000;\"><b>\u00abHEMOS DESCUBIERTO EL PUNTO D\u00c9BIL DE LOS BANCOS: SU IMAGEN P\u00daBLICA\u00bb<\/b><\/span><\/p>\n<p><span style=\"color: #000000;\"><b>\u00bfEs usted de\u00a0ETA? <\/b>Evidentemente, no. Tener que decirlo demuestra ya el nivel pol\u00edtico de nuestro pa\u00eds y de nuestro Gobierno. Es rid\u00edculo.<\/span><\/p>\n<p><span style=\"color: #000000;\"><b>Vayamos entonces con asuntos m\u00e1s serios. La plataforma de la que es porta-voz se enfrenta a un problema cr\u00f3nico, la vivienda, y a un drama, los desahucios. \u00bfAlg\u00fan pa\u00eds lo est\u00e1 haciendo bien en este terreno? <\/b>Nadie lo est\u00e1 haciendo perfecto, pero no hay otro pa\u00eds que lo haga tan mal como Espa\u00f1a. Es un ejemplo negativo ante el mundo. Vienen medios de comunicaci\u00f3n ultraliberales y se escandalizan: lo nuestro no se entiende ni desde esa ideolog\u00eda. Si excluyes a millones de personas del sistema de por vida, generas econom\u00eda sumergida y ning\u00fan incentivo para retomar la actividad econ\u00f3mica.<\/span><\/p>\n<p><span style=\"color: #000000;\"><b>\u00bfAlg\u00fan caso le ha tocado especialmente? <\/b>Todos, porque, a diferencia de lo que quiere hacernos creer el PP no hay unos casos m\u00e1s graves que otros: en todos hay vulnerabilidad extrema. La p\u00e9rdida de vivienda rompe familias y te desestructura emocionalmente. Aunque consigamos cambiar la ley y resolver los casos que nos est\u00e1n llegando, habr\u00e1 una generaci\u00f3n traumatizada.<\/span><\/p>\n<p><span style=\"color: #000000;\"><b>\u00bfC\u00f3mo responde la gente cuando logran parar su desahucio?<\/b> Responden ya no con agradecimiento, sino con implicaci\u00f3n. Independientemente de lo que consiga de las Administraciones, la plataforma ya ha ganado. La gente llega con la autoestima por los suelos, encuentran apoyo y despu\u00e9s tienen m\u00e1s ganas de ayudar a otros. Es un proceso que casi todo el mundo explica como un renacer: el paso de afectado a activista. Es lo m\u00e1s bonito que he visto en mi vida.<\/span><\/p>\n<p><span style=\"color: #000000;\"><b>\u00bfNo son responsables los individuos de haberse entrampado al firmar hipotecas enormes?<\/b> Ellos no reh\u00fayen su parte de responsabilidad.<\/span><\/p>\n<p><span style=\"color: #000000;\"><b>\u00bfQu\u00e9 entendi\u00f3 la gente y qu\u00e9 le explicaron en el banco cuando firmaba?<\/b> Que el banco tasaba el piso y dec\u00eda que val\u00eda, por ejemplo, 300.000 euros, y que por eso a ti te dejaban 250.000, 300.000 o m\u00e1s. Entonces el banco te dec\u00eda: \u00abTranquilo, si no puedes pagar, vendes la vivienda y no pasa nada\u00bb Ni el banco, ni la inmobiliaria, ni el notario, ni la Administraci\u00f3n p\u00fablica explicaron que pod\u00edas perder la vivienda y quedarte con una deuda de por vida. Si lo hubieran explicado, mucha gente no se habr\u00eda hipotecado. Los bancos redactaron contratos plagados de cl\u00e1usulas abusivas, enga\u00f1aron y estafaron. Es incre\u00edble que no est\u00e9n pasando cosas m\u00e1s graves en este pa\u00eds, es de esc\u00e1ndalo.<\/span><\/p>\n<p><span style=\"color: #000000;\"><b>\u00bfC\u00f3mo son sus negociaciones con las entidades financieras? <\/b>Porque para ellas esta situaci\u00f3n tambi\u00e9n es un problema.<\/span><\/p>\n<p><span style=\"color: #000000;\">Es un problema, pero saben que son rescatados sistem\u00e1ticamente. Unos se jubilan con millones de euros o siguen con sueldos millonarios. En Espa\u00f1a es ministro de Econom\u00eda el se\u00f1or De Guindos, tras ser directivo responsable de unas de las entidades que han fracasado. El mensaje oficial es que puedes ser un mafioso, un estafador y hundir la econom\u00eda de un pa\u00eds, que vas a recibir todo el reconocimiento institucional. Cuando empezamos a negociar con los bancos hab\u00eda desprecio y humillaci\u00f3n. Pero David est\u00e1 pudiendo con Goliat. Hemos descubierto su punto d\u00e9bil: la imagen p\u00fablica. Ponernos delante de sus oficinas explicando a la gente que entra que ese banco est\u00e1 enga\u00f1ando y estafando les ha obligado a negociar.<\/span><\/p>\n<p><span style=\"color: #000000;\"><b>\u00bfApuesta usted entonces por su desaparici\u00f3n?<\/b> No. Ser\u00eda infantiloide pensar que no tiene que haber una organizaci\u00f3n econ\u00f3mica. Claro que tiene que haber alg\u00fan tipo de banca, o p\u00fablica o con un control democr\u00e1tico real, que priorice las necesidades b\u00e1sicas de la poblaci\u00f3n y anteponga la vida humana y la dignidad sobre cualquier inter\u00e9s particular.<\/span><\/p>\n<p><span style=\"color: #000000;\"><b>\u00bfHa sido siempre tan guerrera?<\/b> S\u00ed. Siempre he tenido una inquietud social cr\u00edtica; si no, no habr\u00eda estudiado Filosof\u00eda, que no sirve precisamente para tener un trabajo muy bien remunerado.<\/span><\/p>\n<p><span style=\"color: #000000;\"><b>\u00bfCu\u00e1ndo se da cuenta de que quiere convertirse en esa especie de superh\u00e9roe social?<\/b> Superh\u00e9roe, no. El mensaje m\u00e1s importante de la PAH es que la gente sencilla, si se organiza y se apoyan unos a otros, puede mover monta\u00f1as, conseguir lo que parec\u00eda imposible. Si se presenta como una cuesti\u00f3n de superh\u00e9roes, lanzamos el mensaje de que es muy complicado, y es falso. Es lo que el poder quiere que creamos. \u00bfMe preguntaba por mi implicaci\u00f3n personal?<\/span><\/p>\n<p><span style=\"color: #000000;\"><b>S\u00ed, cu\u00e1ndo empieza<\/b>. Inquietud la ten\u00eda desde el instituto. Me acuerdo de participar en manifestaciones por la primera guerra del Golfo. En la universidad particip\u00e9 en el proceso asambleario con muchos otros. El activismo m\u00e1s fuerte surgi\u00f3 en 2001 con la antiglobalizaci\u00f3n. Much\u00edsima gente de muchos colores diferentes sali\u00f3 a la calle para visibilizar que aqu\u00ed est\u00e1n mandando unos que no hemos votado nunca: el FMI, entidades financieras&#8230; Poderes nada transparentes que mueven como marionetas a los Gobiernos a escala planetaria. La mayor\u00eda de los que participamos en esas experiencias dijimos: \u00abBueno, \u00bfy ahora qu\u00e9? \u00bfQu\u00e9 hacemos con nuestra vida?\u00bb Porque ahora, cada d\u00eda hay que luchar contra la precariedad. Y en el Estado espa\u00f1ol, uno de los principales factores de precariedad era la vivienda.<\/span><\/p>\n<p><span style=\"color: #000000;\"><b>Usted vivi\u00f3 en casas ocupadas. \u00bfCu\u00e1l es su visi\u00f3n de la ocupaci\u00f3n? \u00bfLa ve leg\u00edtima?<\/b> Por supuesto. M\u00e1s que nunca. Espa\u00f1a es el pa\u00eds de Europa que m\u00e1s vivienda vac\u00eda acumula y, al mismo tiempo, el que m\u00e1s desahucia. El desalojo por la fuerza por motivos econ\u00f3micos es la peor vulneraci\u00f3n del derecho a la vivienda. Debe ser el \u00faltimo recurso, pero en Espa\u00f1a es el primero. Quiz\u00e1 ser\u00e1 legal, pero es absolutamente inmoral.<\/span><\/p>\n<p><span style=\"color: #000000;\"><b>Entonces, \u00bfdiscute usted la propiedad privada inmobiliaria? <\/b>Hay que discutir la forma de tenencia. La gente tiene derecho a acceder a una vivienda segura, estable e incluso de por vida. Eso se puede hacer de varias maneras: aqu\u00ed se ha impulsado solo a trav\u00e9s de la propiedad privada, y nos dijeron que era la manera m\u00e1s estable. Ahora eso es falso: miles de personas no eran propietarias, sino sobreendeudadas. Y el alquiler no es una alternativa real porque era ya precario y el PP lo acaba de precarizar m\u00e1s: ha reducido de cinco a tres a\u00f1os el contrato, y eso no es una vivienda estable. Hay que exigir otras formas. Primero, alquiler de calidad y accesible; luego, una propiedad privada que no sea especulativa.<\/span><\/p>\n<p><span style=\"color: #000000;\"><b>\u00bfC\u00f3mo se ha ganado la vida en todo este tiempo de activista?<\/b> He trabajado en una consultora de comunicaci\u00f3n, en producci\u00f3n de televisi\u00f3n, de traductora&#8230; y todos los trabajos eran precarios.<\/span><\/p>\n<p><span style=\"color: #000000;\"><b>Sali\u00f3 hasta en una serie de televisi\u00f3n, &#8216;Dos + una&#8217;.<\/b> S\u00ed.<\/span><\/p>\n<p><span style=\"color: #000000;\"><b>\u00bfLo quiere olvidar?<\/b> S\u00ed, porque es una de las peores cosas que he hecho.<\/span><\/p>\n<p><span style=\"color: #000000;\"><b>\u00bfY ahora qu\u00e9 hace aparte de ser activista? <\/b>Tengo la suerte de llevar cinco a\u00f1os en el Observatorio de Derechos Econ\u00f3micos, Sociales y Culturales. Pero no creo que dure mucho porque depende de la financiaci\u00f3n p\u00fablica.<\/span><\/p>\n<p><span style=\"color: #000000;\"><b>\u00bfLleva usted una vida austera? <\/b>Necesito poco para vivir. Tampoco lo veo como una renuncia: no tengo coche, ni propiedades, ni grandes caprichos.<\/span><\/p>\n<p><span style=\"color: #000000;\"><b>\u00bfQu\u00e9 cosas le llenan entonces? <\/b>He comprobado que con menos tienes m\u00e1s. Compartir con otros en experiencias<\/span><\/p>\n<p><span style=\"color: #000000;\">como la plataforma, eso es lo que m\u00e1s me llena. Creo que es mucho mejor, incluso en t\u00e9rminos ego\u00edstas. Es mil veces m\u00e1s satisfactorio vivir con menos que no esa sociedad del consumo que promete felicidad y al final solo hace que te sientas solo, pobre y desgraciado.<\/span><\/p>\n<p><span style=\"color: #000000;\"><b>\u00abSOYAUSTERA: NO TENGO COCHE, NI PROPIEDADES, NI GRANDES CAPRICHOS\u00bb<\/b><\/span><\/p>\n<p><span style=\"color: #000000;\"><b>No tiene casa en propiedad, algo que se le ha criticado siendo portavoz de una plataforma de afectados por las hipotecas.<\/b> Si hay que ser esclavo para luchar contra la esclavitud, mal ir\u00edamos. No me veo afectada por la hipoteca, pero s\u00ed por la vivienda, y la plataforma, desde el primer d\u00eda, defendi\u00f3 el derecho a una vivienda digna, en propiedad o alquiler.<\/span><\/p>\n<p><span style=\"color: #000000;\"><b>\u00bfEn el altruismo hay una parte de ego\u00edsmo?<\/b> Seguro. El activismo de miles de personas no se explicar\u00eda si no fuera porque es altamente gratificante. Si fuera solo sacrificio, no habr\u00eda miles de personas entregadas a esta causa. El proceso de empoderamiento, de ver que nuestra capacidad de transformaci\u00f3n es mayor de lo que nos hab\u00edan dicho, produce satisfacci\u00f3n. La plataforma te da m\u00e1s de lo que t\u00fa le das a ella. Eso explica que el movimiento crezca cada d\u00eda.<\/span><\/p>\n<p><span style=\"color: #000000;\"><b>Dada su popularidad, \u00bfno ha sentido la tentaci\u00f3n de cambiar las cosas desde un partido? <\/b>No. Como ciudadana, creo que todos tenemos que ocupamos de renovar nuestras instituciones democr\u00e1ticas. Claramente ahora son fallidas. Hay unos partidos plagados de corrupci\u00f3n, cada d\u00eda m\u00e1s lejos de la ciudadan\u00eda, endog\u00e1micos, preocupados de perpetuarse, con falta de transparencia absoluta&#8230; Me han propuesto ser diputada y he dicho que no, porque la plataforma est\u00e1 haciendo m\u00e1s que cualquier partido. Hemos impulsado una Iniciativa Legislativa Popular, parado m\u00e1s de 700 desahucios, negociado centenares de daciones en pago y alquileres sociales. A ver qu\u00e9 estructuras con un mont\u00f3n de dinero y much\u00edsimos cargos est\u00e1n consiguiendo eso: dir\u00eda que ninguna.<\/span><\/p>\n<p><span style=\"color: #000000;\"><b>\u00bfTienen futuro los partidos?<\/b> Como est\u00e1n ahora, no. Hay que resetearlos. Es posible que haga falta alg\u00fan tipo de organizaci\u00f3n, de representaci\u00f3n; no puede ser todo el mundo opinando todo el rato. Pero se pueden pensar cosas m\u00e1s actuales: Internet permitir\u00eda, por ejemplo, cotas de participaci\u00f3n brutales.<\/span><\/p>\n<p><span style=\"color: #000000;\"><b>\u00bfLe gusta que le definan como izquierdista?<\/b> Yo no me definir\u00eda as\u00ed, sino como dem\u00f3crata radical y defensora de los derechos humanos. Es necesaria una democracia, pero una real, no una democracia secuestrada como la de ahora. Izquierda y derecha han servido durante mucho tiempo, pero yo creo que ahora hay una mayor\u00eda social que no se identifica con esas etiquetas. Los partidos han machacado su propia imagen: el PSOE se ha cargado la idea de izquierda en este pa\u00eds. En temas de derechos civiles, de libertades, me reconozco m\u00e1s con una tradici\u00f3n de izquierdas, pero con la representaci\u00f3n actual no me identifico.<\/span><\/p>\n<p><span style=\"color: #000000;\"><b>\u00bfQu\u00e9 balance hace de los escraches a diputados del PP?<\/b> Han sido un acierto. Han generado un debate sobre por qu\u00e9 parece tan excepcional que los ciudadanos pidan explicaciones a sus representantes. En otras democracias, los diputados reciben a cualquier ciudadano que quiera poner una queja. Si eso sucediera aqu\u00ed, seguramente no habr\u00edamos llegado a los escraches.<\/span><\/p>\n<p><span style=\"color: #000000;\"><b>\u00bfPero era necesario hacerlos en domicilios? \u00bfNo es una invasi\u00f3n de la privacidad<\/b>? Es que lo otro ya lo hab\u00edamos hecho. Nos concentr\u00e1bamos ante las sedes del PP y del Congreso, y nos ignoraban sistem\u00e1ticamente.<\/span><\/p>\n<p><span style=\"color: #000000;\">Eran un \u00faltimo recurso, entonces. Se trataba de se\u00f1alizar que vamos a estar all\u00ed donde vayas y no vas a poder no vernos. Y si es en tu domicilio, en tu domicilio, que a esta gente la est\u00e1n echando de su casa y nosotros simplemente vamos a la tuya y nos ponemos delante con pancartas y pegatinas en las que pone \u00abS\u00ed se puede\u00bb. No hemos invadido la casa de nadie, mientras que a la gente le est\u00e1n echando la puerta abajo.<\/span><\/p>\n<p><span style=\"color: #000000;\"><b>Ante las cosas que han dicho sobre usted los dirigentes del PP y sus medios afines, \u00bfno ha sentido miedo? <\/b>Quiz\u00e1 en alg\u00fan momento s\u00ed, porque hubo d\u00edas muy duros&#8230; Ellos apuntan, y luego saben que cuando despiertan lo del imaginario terrorista, hay un sector reducido pero muy radicalizado de la poblaci\u00f3n que puede actuar. He recibido algunas amenazas bastante fuertes, ya no solo contra m\u00ed, sino contra mi familia, que todo el mundo sabe que es lo que m\u00e1s duele. Pero en realidad miedo, miedo, no he tenido, porque participo en un colectivo muy amplio en el que todos nos apoyamos los unos a los otros.<\/span><\/p>\n<p><span style=\"color: #000000;\"><b>Y su entorno \u00bfc\u00f3mo lleva que est\u00e9 ah\u00ed, en la diana?<\/b> Mi compa\u00f1ero y yo estamos igual de implicados. Los dos impulsamos la plataforma y nos conocimos en el activismo. Mi vida personal no est\u00e1 separada. Otros familiares nos apoyan. Ha podido haber momentos inc\u00f3modos, pero nadie ha tenido ninguna duda de que estamos haciendo lo que hay que hacer, parafraseando a Rajoy.<\/span><\/p>\n<p><span style=\"color: #000000;\"><b>\u00bfC\u00f3mo desconecta de todo este l\u00edo?<\/b> Con mi hijo de dos a\u00f1os. Es la mejor manera, llegas a casa y no te lo tienes que plantear. Te reclama, juega; si te ve con el tel\u00e9fono, te lo coge y lo tira.<\/span><\/p>\n<p><span style=\"color: #000000;\"><b>\u00bfSe puede conciliar vida laboral, familiar y, encima, la de activista?<\/b> Se puede. Yo veo a un mont\u00f3n de gente trabajando en dos empleos para poder llegar a final de mes, a much\u00edsimas mujeres haciendo muchos m\u00e1s esfuerzos de los que hago yo. Yo me he llevado a mi hijo a parar desahucios y a manifestaciones con otros ni\u00f1os de la plataforma. Somos de hecho un movimiento muy familiar donde hay much\u00edsimos ni\u00f1os que llevamos a nuestras actividades. No separamos una cosa de la otra. Los ni\u00f1os forman parte de nuestra vida, y que as\u00ed sea, porque desde luego su alegr\u00eda y su energ\u00eda son la mejor receta contra la crisis.<\/span><\/p>\n<p><span style=\"color: #000000;\"><b>Tras estos a\u00f1os, \u00bfcu\u00e1l ser\u00eda la mayor ense\u00f1anza personal que ha sacado del activismo? <\/b>Vaya pregunta. No s\u00e9&#8230; La idea de que el determinismo es falso. El mensaje oficial es que no hay nada que hacer, que aunque te muevas no vas a conseguir nada, que todo lo que te pasa es culpa tuya y te tienes que avergonzar: esc\u00f3ndete, has vivido por encima de tus posibilidades y eres un fracasado. Ese mensaje responde a unos intereses. Hay alguien a quien le interesa que t\u00fa creas que est\u00e1s solo. Cuando empezamos, nuestra primera dificultad no fue el poder de la banca, sino lo destrozada que estaba la gente. El mayor aprendizaje ha sido comprobar que las personas con menos recursos, los m\u00e1s hechos polvo, si encuentran un espacio de solidaridad y se les restituye la dignidad, se convierten en superh\u00e9roes.<\/span><\/p>\n<p align=\"center\"><span style=\"color: #000000;\"><b>Una fil\u00f3sofa contra el mundo<\/b><\/span><\/p>\n<p align=\"center\"><span style=\"color: #000000;\"><b>\u25ba \u00abS\u00ed se puede, pero no quieren\u00bb<\/b> es el lema reivindicativo del momento. Detr\u00e1s de \u00e9l est\u00e1 la Plataforma de Afectados por la Hipoteca, organizaci\u00f3n de ciudadanos al borde del desahucio cuya portavoz. Ada Colau es seguramente la activista m\u00e1s famosa de este pa\u00eds. Casi licenciada en Filosof\u00eda -le quedan dos asignaturas para acabar la carrera-; autora junto a su pareja, el economista Adri\u00e1 Alemany, del libro Vidas hipotecadas: parada en ciernes, pero optimista compulsiva. Colau posee una inusual habilidad para comunicar, fundada en un talento natural y en la seguridad del que sabe de lo que habla.<\/span><\/p>\n<p align=\"center\"><span style=\"color: #000000;\"><b>\u25ba Pol\u00edticos y banqueros la tachar\u00e1n<\/b> de demagoga, pero esta catalana de treinta y tantos ya se ha convertido en un referente de la lucha social que despierta la adoraci\u00f3n popular (del pueblo, no del partido).<\/span><\/p>\n<p align=\"center\"><span style=\"color: #000000;\"><b>\u201cEL PARTIDO SOCIALISTA SE HA CARGADO LA IDEA DE IZQUIERDA EN ESTE PA\u00cdS\u201d<\/b><\/span><\/p>\n<p align=\"center\">\n<p><\/p>","protected":false},"excerpt":{"rendered":"<p>Revista El PAIS SEMANAL 28\/06\/2013. P\u00e1gina 22. Ada COLAU \u201cEn Espa\u00f1a puedes ser un mafioso y disfrutar de reconocimiento oficial\u00bb L\u00edder del movimiento anti desahucios e impulsora de los escraches contra pol\u00edticos, esta catalana se ha convertido en la activista m\u00e1s famosa y contundente de los \u00faltimos tiempos. Por Mikel L\u00f3pez Iturriaga. Fotograf\u00eda de Nacho [&hellip;]<\/p>\n","protected":false},"author":2,"featured_media":1856,"parent":0,"menu_order":0,"comment_status":"closed","ping_status":"open","template":"","meta":{"footnotes":""},"class_list":["post-1853","page","type-page","status-publish","has-post-thumbnail","hentry"],"_links":{"self":[{"href":"https:\/\/www.galde.eu\/es\/wp-json\/wp\/v2\/pages\/1853","targetHints":{"allow":["GET"]}}],"collection":[{"href":"https:\/\/www.galde.eu\/es\/wp-json\/wp\/v2\/pages"}],"about":[{"href":"https:\/\/www.galde.eu\/es\/wp-json\/wp\/v2\/types\/page"}],"author":[{"embeddable":true,"href":"https:\/\/www.galde.eu\/es\/wp-json\/wp\/v2\/users\/2"}],"replies":[{"embeddable":true,"href":"https:\/\/www.galde.eu\/es\/wp-json\/wp\/v2\/comments?post=1853"}],"version-history":[{"count":0,"href":"https:\/\/www.galde.eu\/es\/wp-json\/wp\/v2\/pages\/1853\/revisions"}],"wp:featuredmedia":[{"embeddable":true,"href":"https:\/\/www.galde.eu\/es\/wp-json\/wp\/v2\/media\/1856"}],"wp:attachment":[{"href":"https:\/\/www.galde.eu\/es\/wp-json\/wp\/v2\/media?parent=1853"}],"curies":[{"name":"wp","href":"https:\/\/api.w.org\/{rel}","templated":true}]}}