{"id":1036,"date":"2013-08-15T19:59:38","date_gmt":"2013-08-15T19:59:38","guid":{"rendered":"https:\/\/www.galde.eu\/?page_id=1036"},"modified":"2013-11-09T09:24:24","modified_gmt":"2013-11-09T08:24:24","slug":"gloria-florez-schneider","status":"publish","type":"page","link":"https:\/\/www.galde.eu\/es\/gloria-florez-schneider\/","title":{"rendered":"Gloria Fl\u00f3rez Schneider"},"content":{"rendered":"<p><a href=\"https:\/\/www.galde.eu\/wp-content\/uploads\/2013\/08\/gloriafloresperfil-e1376598438922.jpg\"><img loading=\"lazy\" decoding=\"async\" class=\"alignleft size-thumbnail wp-image-1042 colorbox-1036\" alt=\"gloriafloresperfil\" src=\"https:\/\/www.galde.eu\/wp-content\/uploads\/2013\/08\/gloriafloresperfil-150x150.jpg\" width=\"150\" height=\"150\" \/><\/a>\u00a0Gloria In\u00e9s Fl\u00f3rez Schneider\u00a0 es una santandereana defensora de los derechos humanos desde la d\u00e9cada de los ochenta. Realiz\u00f3 por primera vez en su vida una campa\u00f1a electoral para el Parlamento Andino como candidata del Polo Democr\u00e1tico, bajo el lema de Paz e Integraci\u00f3n para Am\u00e9rica Latina. Las semillas sembradas en 30 a\u00f1os de trabajo comprometido con las v\u00edctimas del conflicto armado, con los ind\u00edgenas, campesinos, mujeres, trabajadores, y su lucha decidida por la paz de Colombia, le permitieron llegar a ocupar una <a title=\"significa esca\u00f1o\" href=\"http:\/\/es.wikipedia.org\/wiki\/Silla_curul#Uso_actual_del_vocablo\" target=\"_blank\">curul<\/a>\u00a0en el Parlamento Andino. Gloria In\u00e9s Fl\u00f3rez Schneider est\u00e1\u00a0 trabajando para\u00a0 fortalecer los lazos de integraci\u00f3n de los pueblos y naciones de la regi\u00f3n andina y sudamericana.<\/p>\n<p>Treinta a\u00f1os trabajando por la paz, los derechos de los pueblos mestizos, ind\u00edgenas y afro, y los derechos de las victimas a la justicia, la verdad y la reparaci\u00f3n, han\u00a0 sido reconocidos en repetidas ocasiones; en Washington recibi\u00f3 el Premio Robert Kennedy\u00a0 para los derechos humanos en el a\u00f1o 1998, y en Europa, en diciembre del 2002 la Asociaci\u00f3n MINGA, fue galardonada con el premio Rep\u00fablica de Francia, por su labor en favor de los desplazados y refugiados, especialmente en las zonas de las fronteras con Venezuela y Ecuador. Tambi\u00e9n la revista Semana, en 2007, la escogi\u00f3 entre las 100 mujeres de la Historia de Colombia.<\/p>\n<p>Entrevista en la revista Galde\u00a0#1: \u00a0<a href=\"https:\/\/www.galde.eu\/entrevista-con-la-parlamentaria-andina-por-colombia-gloria-florez-schneider\/\">https:\/\/www.galde.eu\/entrevista-con-la-parlamentaria-andina-por-colombia-gloria-florez-schneider\/<\/a><\/p>\n<p>P\u00e1gina web de Gloria Fl\u00f3rez Schneider: <a href=\"http:\/\/gloriaflorez.com\/\" target=\"_blank\">http:\/\/gloriaflorez.com\/<\/a><\/p>\n<p>Correo electr\u00f3nico: <a href=\"mailto:info@gloriaflorez.com\" target=\"_blank\">info@gloriaflorez.com<\/a><\/p>\n<p>&#8212;&#8212;&#8212;&#8212;&#8212;&#8212;&#8212;&#8212;&#8212;&#8212;&#8212;&#8212;&#8211;<\/p>\n<p>Parlamento Andino: <a href=\"http:\/\/www.parlamentoandino.org\/\" target=\"_blank\">http:\/\/www.parlamentoandino.org<\/a><\/p>","protected":false},"excerpt":{"rendered":"<p>\u00a0Gloria In\u00e9s Fl\u00f3rez Schneider\u00a0 es una santandereana defensora de los derechos humanos desde la d\u00e9cada de los ochenta. Realiz\u00f3 por primera vez en su vida una campa\u00f1a electoral para el Parlamento Andino como candidata del Polo Democr\u00e1tico, bajo el lema de Paz e Integraci\u00f3n para Am\u00e9rica Latina. Las semillas sembradas en 30 a\u00f1os de trabajo [&hellip;]<\/p>\n","protected":false},"author":2,"featured_media":0,"parent":0,"menu_order":0,"comment_status":"closed","ping_status":"open","template":"","meta":{"footnotes":""},"class_list":["post-1036","page","type-page","status-publish","hentry"],"_links":{"self":[{"href":"https:\/\/www.galde.eu\/es\/wp-json\/wp\/v2\/pages\/1036","targetHints":{"allow":["GET"]}}],"collection":[{"href":"https:\/\/www.galde.eu\/es\/wp-json\/wp\/v2\/pages"}],"about":[{"href":"https:\/\/www.galde.eu\/es\/wp-json\/wp\/v2\/types\/page"}],"author":[{"embeddable":true,"href":"https:\/\/www.galde.eu\/es\/wp-json\/wp\/v2\/users\/2"}],"replies":[{"embeddable":true,"href":"https:\/\/www.galde.eu\/es\/wp-json\/wp\/v2\/comments?post=1036"}],"version-history":[{"count":0,"href":"https:\/\/www.galde.eu\/es\/wp-json\/wp\/v2\/pages\/1036\/revisions"}],"wp:attachment":[{"href":"https:\/\/www.galde.eu\/es\/wp-json\/wp\/v2\/media?parent=1036"}],"curies":[{"name":"wp","href":"https:\/\/api.w.org\/{rel}","templated":true}]}}